{"id":7288,"date":"2020-11-18T12:11:54","date_gmt":"2020-11-18T12:11:54","guid":{"rendered":"https:\/\/adgt.cz\/?page_id=7288"},"modified":"2021-03-05T08:47:49","modified_gmt":"2021-03-05T08:47:49","slug":"support","status":"publish","type":"page","link":"https:\/\/adgt.cz\/cs\/support\/","title":{"rendered":"Podpora"},"content":{"rendered":"<p>[vc_row][vc_column][vc_column_text]Zde m\u016f\u017eete odeslat po\u017eadavek na technickou podporu ADGT. Vypl\u0148te pros\u00edm n\u00e1sleduj\u00edc\u00ed formul\u00e1\u0159 a t\u00fdm technick\u00e9 podpory v\u00e1s bude brzy kontaktovat.[\/vc_column_text]\r\n\t<div class=\"wprt-spacer clearfix\" data-desktop=\"40\" data-mobi=\"10\" data-smobi=\"0\"><\/div>[\/vc_column][\/vc_row][vc_row][vc_column][vc_raw_js]JTNDaWZyYW1lJTIwaWQlM0QlMjJmcmVzaHdpZGdldC1lbWJlZGRlZC1mb3JtJTIyJTIwY2xhc3MlM0QlMjJmcmVzaHdpZGdldC1lbWJlZGRlZC1mb3JtJTIyJTIwdGl0bGUlM0QlMjJGZWVkYmFjayUyMEZvcm0lMjIlMjBzcmMlM0QlMjJodHRwcyUzQSUyRiUyRm0ybXNlbGVjdC5mcmVzaGRlc2suY29tJTJGd2lkZ2V0cyUyRmZlZWRiYWNrX3dpZGdldCUyRm5ldyUzRiUyNndpZGdldFR5cGUlM0RlbWJlZGRlZCUyNnNjcmVlbnNob3QlM0RubyUyNmNhcHRjaGElM0R5ZXMlMjIlMjB3aWR0aCUzRCUyMjgwJTI1JTIyJTIwaGVpZ2h0JTNEJTIyNTAwcHglMjIlMjBmcmFtZWJvcmRlciUzRCUyMjAlMjIlMjBzY3JvbGxpbmclM0QlMjJubyUyMiUzRSUzQyUyRmlmcmFtZSUzRQ==[\/vc_raw_js][\/vc_column][\/vc_row]<\/p>\n","protected":false},"excerpt":{"rendered":"<p>[vc_row][vc_column][vc_column_text]Zde m\u016f\u017eete odeslat po\u017eadavek na technickou podporu ADGT. Vypl\u0148te pros\u00edm n\u00e1sleduj\u00edc\u00ed formul\u00e1\u0159 a t\u00fdm technick\u00e9 podpory v\u00e1s bude brzy kontaktovat.[\/vc_column_text][\/vc_column][\/vc_row][vc_row][vc_column][vc_raw_js]JTNDaWZyYW1lJTIwaWQlM0QlMjJmcmVzaHdpZGdldC1lbWJlZGRlZC1mb3JtJTIyJTIwY2xhc3MlM0QlMjJmcmVzaHdpZGdldC1lbWJlZGRlZC1mb3JtJTIyJTIwdGl0bGUlM0QlMjJGZWVkYmFjayUyMEZvcm0lMjIlMjBzcmMlM0QlMjJodHRwcyUzQSUyRiUyRm0ybXNlbGVjdC5mcmVzaGRlc2suY29tJTJGd2lkZ2V0cyUyRmZlZWRiYWNrX3dpZGdldCUyRm5ldyUzRiUyNndpZGdldFR5cGUlM0RlbWJlZGRlZCUyNnNjcmVlbnNob3QlM0RubyUyNmNhcHRjaGElM0R5ZXMlMjIlMjB3aWR0aCUzRCUyMjgwJTI1JTIyJTIwaGVpZ2h0JTNEJTIyNTAwcHglMjIlMjBmcmFtZWJvcmRlciUzRCUyMjAlMjIlMjBzY3JvbGxpbmclM0QlMjJubyUyMiUzRSUzQyUyRmlmcmFtZSUzRQ==[\/vc_raw_js][\/vc_column][\/vc_row]<\/p>\n","protected":false},"author":1,"featured_media":0,"parent":0,"menu_order":0,"comment_status":"closed","ping_status":"closed","template":"","meta":{"footnotes":""},"class_list":["post-7288","page","type-page","status-publish","hentry"],"yoast_head":"<!-- This site is optimized with the Yoast SEO plugin v23.5 - https:\/\/yoast.com\/wordpress\/plugins\/seo\/ -->\n<title>Podpora - ADGT<\/title>\n<meta name=\"robots\" content=\"index, follow, max-snippet:-1, max-image-preview:large, max-video-preview:-1\" \/>\n<link rel=\"canonical\" href=\"https:\/\/adgt.cz\/cs\/support\/\" \/>\n<meta property=\"og:locale\" content=\"cs_CZ\" \/>\n<meta property=\"og:type\" content=\"article\" \/>\n<meta property=\"og:title\" content=\"Podpora - ADGT\" \/>\n<meta property=\"og:description\" content=\"[vc_row][vc_column][vc_column_text]Zde m\u016f\u017eete odeslat po\u017eadavek na technickou podporu ADGT. Vypl\u0148te pros\u00edm n\u00e1sleduj\u00edc\u00ed formul\u00e1\u0159 a t\u00fdm technick\u00e9 podpory v\u00e1s bude brzy kontaktovat.[\/vc_column_text][\/vc_column][\/vc_row][vc_row][vc_column][vc_raw_js]JTNDaWZyYW1lJTIwaWQlM0QlMjJmcmVzaHdpZGdldC1lbWJlZGRlZC1mb3JtJTIyJTIwY2xhc3MlM0QlMjJmcmVzaHdpZGdldC1lbWJlZGRlZC1mb3JtJTIyJTIwdGl0bGUlM0QlMjJGZWVkYmFjayUyMEZvcm0lMjIlMjBzcmMlM0QlMjJodHRwcyUzQSUyRiUyRm0ybXNlbGVjdC5mcmVzaGRlc2suY29tJTJGd2lkZ2V0cyUyRmZlZWRiYWNrX3dpZGdldCUyRm5ldyUzRiUyNndpZGdldFR5cGUlM0RlbWJlZGRlZCUyNnNjcmVlbnNob3QlM0RubyUyNmNhcHRjaGElM0R5ZXMlMjIlMjB3aWR0aCUzRCUyMjgwJTI1JTIyJTIwaGVpZ2h0JTNEJTIyNTAwcHglMjIlMjBmcmFtZWJvcmRlciUzRCUyMjAlMjIlMjBzY3JvbGxpbmclM0QlMjJubyUyMiUzRSUzQyUyRmlmcmFtZSUzRQ==[\/vc_raw_js][\/vc_column][\/vc_row]\" \/>\n<meta property=\"og:url\" content=\"https:\/\/adgt.cz\/cs\/support\/\" \/>\n<meta property=\"og:site_name\" content=\"ADGT\" \/>\n<meta property=\"article:modified_time\" content=\"2021-03-05T08:47:49+00:00\" \/>\n<meta name=\"twitter:card\" content=\"summary_large_image\" \/>\n<meta name=\"twitter:label1\" content=\"Odhadovan\u00e1 doba \u010dten\u00ed\" \/>\n\t<meta name=\"twitter:data1\" content=\"1 minuta\" \/>\n<script type=\"application\/ld+json\" class=\"yoast-schema-graph\">{\"@context\":\"https:\/\/schema.org\",\"@graph\":[{\"@type\":\"WebPage\",\"@id\":\"https:\/\/adgt.cz\/cs\/support\/\",\"url\":\"https:\/\/adgt.cz\/cs\/support\/\",\"name\":\"Podpora - ADGT\",\"isPartOf\":{\"@id\":\"https:\/\/adgt.cz\/cs\/#website\"},\"datePublished\":\"2020-11-18T12:11:54+00:00\",\"dateModified\":\"2021-03-05T08:47:49+00:00\",\"breadcrumb\":{\"@id\":\"https:\/\/adgt.cz\/cs\/support\/#breadcrumb\"},\"inLanguage\":\"cs\",\"potentialAction\":[{\"@type\":\"ReadAction\",\"target\":[\"https:\/\/adgt.cz\/cs\/support\/\"]}]},{\"@type\":\"BreadcrumbList\",\"@id\":\"https:\/\/adgt.cz\/cs\/support\/#breadcrumb\",\"itemListElement\":[{\"@type\":\"ListItem\",\"position\":1,\"name\":\"Home\",\"item\":\"https:\/\/adgt.cz\/cs\/\"},{\"@type\":\"ListItem\",\"position\":2,\"name\":\"Podpora\"}]},{\"@type\":\"WebSite\",\"@id\":\"https:\/\/adgt.cz\/cs\/#website\",\"url\":\"https:\/\/adgt.cz\/cs\/\",\"name\":\"ADGT\",\"description\":\"Just another WordPress site\",\"publisher\":{\"@id\":\"https:\/\/adgt.cz\/cs\/#organization\"},\"potentialAction\":[{\"@type\":\"SearchAction\",\"target\":{\"@type\":\"EntryPoint\",\"urlTemplate\":\"https:\/\/adgt.cz\/cs\/?s={search_term_string}\"},\"query-input\":{\"@type\":\"PropertyValueSpecification\",\"valueRequired\":true,\"valueName\":\"search_term_string\"}}],\"inLanguage\":\"cs\"},{\"@type\":\"Organization\",\"@id\":\"https:\/\/adgt.cz\/cs\/#organization\",\"name\":\"ADGT\",\"url\":\"https:\/\/adgt.cz\/cs\/\",\"logo\":{\"@type\":\"ImageObject\",\"inLanguage\":\"cs\",\"@id\":\"https:\/\/adgt.cz\/cs\/#\/schema\/logo\/image\/\",\"url\":\"https:\/\/adgt.cz\/wp-content\/uploads\/2020\/09\/ADGT_logo_Magenta.png\",\"contentUrl\":\"https:\/\/adgt.cz\/wp-content\/uploads\/2020\/09\/ADGT_logo_Magenta.png\",\"width\":798,\"height\":208,\"caption\":\"ADGT\"},\"image\":{\"@id\":\"https:\/\/adgt.cz\/cs\/#\/schema\/logo\/image\/\"}}]}<\/script>\n<!-- \/ Yoast SEO plugin. -->","yoast_head_json":{"title":"Podpora - ADGT","robots":{"index":"index","follow":"follow","max-snippet":"max-snippet:-1","max-image-preview":"max-image-preview:large","max-video-preview":"max-video-preview:-1"},"canonical":"https:\/\/adgt.cz\/cs\/support\/","og_locale":"cs_CZ","og_type":"article","og_title":"Podpora - ADGT","og_description":"[vc_row][vc_column][vc_column_text]Zde m\u016f\u017eete odeslat po\u017eadavek na technickou podporu ADGT. Vypl\u0148te pros\u00edm n\u00e1sleduj\u00edc\u00ed formul\u00e1\u0159 a t\u00fdm technick\u00e9 podpory v\u00e1s bude brzy kontaktovat.[\/vc_column_text][\/vc_column][\/vc_row][vc_row][vc_column][vc_raw_js]JTNDaWZyYW1lJTIwaWQlM0QlMjJmcmVzaHdpZGdldC1lbWJlZGRlZC1mb3JtJTIyJTIwY2xhc3MlM0QlMjJmcmVzaHdpZGdldC1lbWJlZGRlZC1mb3JtJTIyJTIwdGl0bGUlM0QlMjJGZWVkYmFjayUyMEZvcm0lMjIlMjBzcmMlM0QlMjJodHRwcyUzQSUyRiUyRm0ybXNlbGVjdC5mcmVzaGRlc2suY29tJTJGd2lkZ2V0cyUyRmZlZWRiYWNrX3dpZGdldCUyRm5ldyUzRiUyNndpZGdldFR5cGUlM0RlbWJlZGRlZCUyNnNjcmVlbnNob3QlM0RubyUyNmNhcHRjaGElM0R5ZXMlMjIlMjB3aWR0aCUzRCUyMjgwJTI1JTIyJTIwaGVpZ2h0JTNEJTIyNTAwcHglMjIlMjBmcmFtZWJvcmRlciUzRCUyMjAlMjIlMjBzY3JvbGxpbmclM0QlMjJubyUyMiUzRSUzQyUyRmlmcmFtZSUzRQ==[\/vc_raw_js][\/vc_column][\/vc_row]","og_url":"https:\/\/adgt.cz\/cs\/support\/","og_site_name":"ADGT","article_modified_time":"2021-03-05T08:47:49+00:00","twitter_card":"summary_large_image","twitter_misc":{"Odhadovan\u00e1 doba \u010dten\u00ed":"1 minuta"},"schema":{"@context":"https:\/\/schema.org","@graph":[{"@type":"WebPage","@id":"https:\/\/adgt.cz\/cs\/support\/","url":"https:\/\/adgt.cz\/cs\/support\/","name":"Podpora - ADGT","isPartOf":{"@id":"https:\/\/adgt.cz\/cs\/#website"},"datePublished":"2020-11-18T12:11:54+00:00","dateModified":"2021-03-05T08:47:49+00:00","breadcrumb":{"@id":"https:\/\/adgt.cz\/cs\/support\/#breadcrumb"},"inLanguage":"cs","potentialAction":[{"@type":"ReadAction","target":["https:\/\/adgt.cz\/cs\/support\/"]}]},{"@type":"BreadcrumbList","@id":"https:\/\/adgt.cz\/cs\/support\/#breadcrumb","itemListElement":[{"@type":"ListItem","position":1,"name":"Home","item":"https:\/\/adgt.cz\/cs\/"},{"@type":"ListItem","position":2,"name":"Podpora"}]},{"@type":"WebSite","@id":"https:\/\/adgt.cz\/cs\/#website","url":"https:\/\/adgt.cz\/cs\/","name":"ADGT","description":"Just another WordPress site","publisher":{"@id":"https:\/\/adgt.cz\/cs\/#organization"},"potentialAction":[{"@type":"SearchAction","target":{"@type":"EntryPoint","urlTemplate":"https:\/\/adgt.cz\/cs\/?s={search_term_string}"},"query-input":{"@type":"PropertyValueSpecification","valueRequired":true,"valueName":"search_term_string"}}],"inLanguage":"cs"},{"@type":"Organization","@id":"https:\/\/adgt.cz\/cs\/#organization","name":"ADGT","url":"https:\/\/adgt.cz\/cs\/","logo":{"@type":"ImageObject","inLanguage":"cs","@id":"https:\/\/adgt.cz\/cs\/#\/schema\/logo\/image\/","url":"https:\/\/adgt.cz\/wp-content\/uploads\/2020\/09\/ADGT_logo_Magenta.png","contentUrl":"https:\/\/adgt.cz\/wp-content\/uploads\/2020\/09\/ADGT_logo_Magenta.png","width":798,"height":208,"caption":"ADGT"},"image":{"@id":"https:\/\/adgt.cz\/cs\/#\/schema\/logo\/image\/"}}]}},"_links":{"self":[{"href":"https:\/\/adgt.cz\/cs\/wp-json\/wp\/v2\/pages\/7288"}],"collection":[{"href":"https:\/\/adgt.cz\/cs\/wp-json\/wp\/v2\/pages"}],"about":[{"href":"https:\/\/adgt.cz\/cs\/wp-json\/wp\/v2\/types\/page"}],"author":[{"embeddable":true,"href":"https:\/\/adgt.cz\/cs\/wp-json\/wp\/v2\/users\/1"}],"replies":[{"embeddable":true,"href":"https:\/\/adgt.cz\/cs\/wp-json\/wp\/v2\/comments?post=7288"}],"version-history":[{"count":2,"href":"https:\/\/adgt.cz\/cs\/wp-json\/wp\/v2\/pages\/7288\/revisions"}],"predecessor-version":[{"id":10377,"href":"https:\/\/adgt.cz\/cs\/wp-json\/wp\/v2\/pages\/7288\/revisions\/10377"}],"wp:attachment":[{"href":"https:\/\/adgt.cz\/cs\/wp-json\/wp\/v2\/media?parent=7288"}],"curies":[{"name":"wp","href":"https:\/\/api.w.org\/{rel}","templated":true}]}}