{"id":7273,"date":"2020-11-18T11:44:24","date_gmt":"2020-11-18T11:44:24","guid":{"rendered":"https:\/\/adgt.cz\/?page_id=7273"},"modified":"2021-05-21T12:30:56","modified_gmt":"2021-05-21T12:30:56","slug":"about-us","status":"publish","type":"page","link":"https:\/\/adgt.cz\/cs\/about-us\/","title":{"rendered":"O N\u00c1S"},"content":{"rendered":"<p>[vc_row][vc_column]\r\n\t<div class=\"wprt-spacer clearfix\" data-desktop=\"70\" data-mobi=\"50\" data-smobi=\"50\"><\/div><div class=\"wprt-headings clearfix text-center\"  style=\"\"><h2 class=\"heading clearfix\" style=\"font-weight:700;margin-bottom:3px;\">\r\n\t\tV\u00cdTEJTE V ADGT\r\n\t<\/h2><div class=\"sep accent clearfix\" style=\"width:60px;height:3px;\"><\/div><p class=\"sub-heading clearfix\" style=\"font-style:normal;font-size:14px;line-height:28px;margin-top:11px;max-width:520px; margin-left: auto; margin-right: auto;font-family:Montserrat;\">\r\n\t\tCHYTR\u00c1 BEZDR\u00c1TOV\u00c1 \u0158E\u0160EN\u00cd\r\n\t<\/p><\/div>\r\n\t<div class=\"wprt-spacer clearfix\" data-desktop=\"35\" data-mobi=\"35\" data-smobi=\"35\"><\/div>[vc_row_inner gap=&#8221;35&#8243;][vc_column_inner width=&#8221;1\/2&#8243;][vc_column_text]Ve spole\u010dnosti ADGT vyv\u00edj\u00edme a vyr\u00e1b\u00edme bezdr\u00e1tov\u00e1 \u0159e\u0161en\u00ed a syst\u00e9my pro vzd\u00e1len\u00fd sb\u011br, zpracov\u00e1n\u00ed a p\u0159enos dat p\u0159es mobiln\u00ed s\u00edt\u011b. Krom\u011b toho vytv\u00e1\u0159\u00edme speci\u00e1ln\u00ed software, d\u00edky n\u011bmu\u017e jsou na\u0161e produkty p\u0159izp\u016fsobiteln\u00fdmi a flexibiln\u00edmi n\u00e1stroji spl\u0148uj\u00edc\u00edmi po\u017eadavky na\u0161ich z\u00e1kazn\u00edk\u016f.<\/p>\n<p>ADGT zaji\u0161\u0165uje cel\u00fd v\u00fdrobn\u00ed cyklus: od v\u00fdvoje projektu a\u017e do vyd\u00e1n\u00ed hotov\u00e9ho produktu. Ve\u0161ker\u00e9 na\u0161e vybaven\u00ed je vyv\u00edjeno na z\u00e1klad\u011b vysoce kvalitn\u00edch certifikovan\u00fdch komponent\u016f od p\u0159edn\u00edch sv\u011btov\u00fdch v\u00fdrobc\u016f. Slu\u017eba kontroly kvality zaji\u0161\u0165uje trvanlivost a spolehlivost na\u0161ich za\u0159\u00edzen\u00ed.[\/vc_column_text][\/vc_column_inner][vc_column_inner width=&#8221;1\/2&#8243;][vc_single_image image=&#8221;7986&#8243; alignment=&#8221;center&#8221;][\/vc_column_inner][\/vc_row_inner]\r\n\t<div class=\"wprt-spacer clearfix\" data-desktop=\"30\" data-mobi=\"20\" data-smobi=\"20\"><\/div>[\/vc_column][\/vc_row][vc_row][vc_column width=&#8221;1\/2&#8243;]<div class=\"wprt-content-box clearfix \" data-padding=\"\" data-mobipadding=\"\" data-margin=\"10% 20%\" data-mobimargin=\"8%\">\r\n\t\t<div class=\"inner \" style=\"\">\r\n\t\t\t<div class=\"wprt-headings clearfix \"  style=\"\"><h2 class=\"heading clearfix\" style=\"font-weight:700;margin-bottom:5px;\">\r\n\t\tCO VYR\u00c1B\u00cdME\r\n\t<\/h2><div class=\"sep accent clearfix\" style=\"width:60px;height:5px;\"><\/div><\/div><div class=\"wprt-list clearfix icon-left icon-top\">\r\n\t\t<div style=\"padding:20px 0px 0px 0px;margin-bottom:3px;\">\r\n\t\t\t<span style=\"padding-left:35px;\"><span class=\"icon style-3\" style=\"\">\r\n\t\t\t<i class=\"fa fa-check\"><\/i>\r\n\t\t<\/span> <span style=\"font-size:17px;\">Chytr\u00e9 modemy GSM\/3G\/NB-IoT<\/span><\/span>\r\n\t\t<\/div>\r\n\t<\/div><div class=\"wprt-list clearfix icon-left icon-top\">\r\n\t\t<div style=\"padding:0px 0px 0px 0px;margin-bottom:3px;\">\r\n\t\t\t<span style=\"padding-left:35px;\"><span class=\"icon style-3\" style=\"\">\r\n\t\t\t<i class=\"fa fa-check\"><\/i>\r\n\t\t<\/span> <span style=\"font-size:17px;\">Z\u00e1znamn\u00edky dat GPRS\/NB-IoT\/Cat M1<\/span><\/span>\r\n\t\t<\/div>\r\n\t<\/div><div class=\"wprt-list clearfix icon-left icon-top\">\r\n\t\t<div style=\"padding:0px 0px 0px 0px;margin-bottom:3px;\">\r\n\t\t\t<span style=\"padding-left:35px;\"><span class=\"icon style-3\" style=\"\">\r\n\t\t\t<i class=\"fa fa-check\"><\/i>\r\n\t\t<\/span> <span style=\"font-size:17px;\">3G\/4G routery<\/span><\/span>\r\n\t\t<\/div>\r\n\t<\/div><div class=\"wprt-list clearfix icon-left icon-top\">\r\n\t\t<div style=\"padding:0px 0px 0px 0px;margin-bottom:3px;\">\r\n\t\t\t<span style=\"padding-left:35px;\"><span class=\"icon style-3\" style=\"\">\r\n\t\t\t<i class=\"fa fa-check\"><\/i>\r\n\t\t<\/span> <span style=\"font-size:17px;\">P\u0159evodn\u00edky<\/span><\/span>\r\n\t\t<\/div>\r\n\t<\/div><div class=\"wprt-list clearfix icon-left icon-top\">\r\n\t\t<div style=\"padding:0px 0px 0px 0px;margin-bottom:3px;\">\r\n\t\t\t<span style=\"padding-left:35px;\"><span class=\"icon style-3\" style=\"\">\r\n\t\t\t<i class=\"fa fa-check\"><\/i>\r\n\t\t<\/span> <span style=\"font-size:17px;\">Software<\/span><\/span>\r\n\t\t<\/div>\r\n\t<\/div><div class=\"wprt-list clearfix icon-left icon-top\">\r\n\t\t<div style=\"padding:0px 0px 0px 0px;margin-bottom:3px;\">\r\n\t\t\t<span style=\"padding-left:35px;\"><span class=\"icon style-3\" style=\"\">\r\n\t\t\t<i class=\"fa fa-check\"><\/i>\r\n\t\t<\/span> <span style=\"font-size:17px;\">Komunika\u010dn\u00ed ant\u00e9ny a p\u0159\u00edslu\u0161enstv\u00ed<\/span><\/span>\r\n\t\t<\/div>\r\n\t<\/div>\r\n\t<div class=\"wprt-spacer clearfix\" data-desktop=\"30\" data-mobi=\"30\" data-smobi=\"30\"><\/div><div class=\"button-wrap icon-left\" style=\"\"><a href=\"http:\/\/adgt.cz\/cs\/products\/\" target=\"_blank\" class=\"wprt-button big solid accent\" style=\"\">\r\n\t\t<span style=\"\">NA\u0160E PRODUKTY <\/span>\r\n\t<\/a><\/div>\n\r\n\t\t<\/div>\r\n\t<\/div>[\/vc_column][vc_column width=&#8221;1\/2&#8243;]\r\n\t<div class=\"wprt-accordions style-2\"><div class=\"accordion-item  no-icon\" style=\"margin-bottom:10px;\"><\/div><div class=\"accordion-item  active no-icon\" style=\"margin-bottom:10px;\"><h3 class=\"accordion-heading\" style=\"\">\r\n\t\t\t<span class=\"inner\" style=\"\">\r\n\t\t\t\t\r\n\t\t\t\tPRO\u010c SI VYBRAT N\u00c1S?\r\n\t\t\t<\/span>\r\n\t\t<\/h3><div class=\"accordion-content\" style=\"padding:22px 0px 20px 13px;\"><p>ADGT je t\u00fdmem mimo\u0159\u00e1dn\u011b nad\u0161en\u00fdch a vysoce kvalifikovan\u00fdch technick\u00fdch specialist\u016f. Na\u0161e historie za\u010d\u00edn\u00e1 na konci prvn\u00edho desetilet\u00ed tohoto stolet\u00ed, kdy jsme za\u010dali jako mal\u00e1 in\u017een\u00fdrsk\u00e1 skupina, kter\u00e1 pracovala v oblasti navrhov\u00e1n\u00ed a v\u00fdroby komunika\u010dn\u00edch za\u0159\u00edzen\u00ed. N\u00e1\u0161 adaptivn\u00ed p\u0159\u00edstup a porozum\u011bn\u00ed z\u00e1jm\u016fm na\u0161ich z\u00e1kazn\u00edk\u016f pomohly spole\u010dnosti zaujmout a udr\u017eet si sv\u00e9 m\u00edsto na digit\u00e1ln\u00edm trhu. V reakci na m\u011bn\u00edc\u00ed se po\u017eadavky \u010dasu byla tak\u00e9 vytvo\u0159ena specializovan\u00e1 IT jednotka, kter\u00e1 dod\u00e1v\u00e1 na\u0161im za\u0159\u00edzen\u00edm vhodn\u00fd a snadno p\u0159izp\u016fsobiteln\u00fd software.<\/p>\n<p>V dne\u0161n\u00ed dob\u011b je t\u011b\u017ek\u00e9 udr\u017eet \u00fa\u010dinnost, pokud se nep\u0159ihl\u00ed\u017e\u00ed ke skute\u010dn\u00fdm trend\u016fm v podnik\u00e1n\u00ed. Od sv\u00e9ho zalo\u017een\u00ed m\u00e1me mnoho zku\u0161enost\u00ed, co\u017e n\u00e1m umo\u017e\u0148uje pokra\u010dovat ve v\u00fdvoji a v\u00fdrob\u011b elektroniky a za\u0159\u00edzen\u00ed, abychom mohli \u010delit v\u00fdzv\u00e1m v oblasti energetick\u00e9 \u00fa\u010dinnosti a \u00faspor energie, jako\u017e i vytv\u00e1\u0159en\u00ed chytr\u00fdch m\u011b\u0159ic\u00edch za\u0159\u00edzen\u00ed a bezdr\u00e1tov\u00fdch senzorov\u00fdch s\u00edt\u00ed.<\/p>\n<\/div><\/div><div class=\"accordion-item  no-icon\" style=\"margin-bottom:10px;\"><h3 class=\"accordion-heading\" style=\"\">\r\n\t\t\t<span class=\"inner\" style=\"\">\r\n\t\t\t\t\r\n\t\t\t\tNA\u0160E FILOZOFIE\r\n\t\t\t<\/span>\r\n\t\t<\/h3><div class=\"accordion-content\" style=\"padding:22px 0px 20px 13px;\"><p>Z\u00e1kladem na\u0161\u00ed filozofie je \u00facta k na\u0161im z\u00e1kazn\u00edk\u016fm a pozornost k jejich pot\u0159eb\u00e1m. Na to jsme pamatovali v\u00edce ne\u017e 10 let na\u0161ich jedine\u010dn\u00fdch zku\u0161enost\u00ed s vytv\u00e1\u0159en\u00edm a roz\u0161i\u0159ov\u00e1n\u00edm inovativn\u00edho podnik\u00e1n\u00ed v oblasti v\u00fdvoje a v\u00fdroby hardwaru a softwaru.<\/p>\n<p>Na\u0161imi hlavn\u00edmi prioritami jsou tvorba univerz\u00e1ln\u00edho, spolehliv\u00e9ho a n\u00e1kladov\u011b efektivn\u00edho za\u0159\u00edzen\u00ed, jako\u017e i navrhov\u00e1n\u00ed nov\u00fdch \u0159e\u0161en\u00ed pro \u0159\u00edzen\u00ed zdroj\u016f, \u00fasporu energie a zvy\u0161ov\u00e1n\u00ed energetick\u00e9 \u00fa\u010dinnosti pro soukrom\u00e9 i pr\u016fmyslov\u00e9 vyu\u017eit\u00ed. Sna\u017e\u00edme se zajistit vysokou kvalitu na\u0161ich produkt\u016f a slu\u017eeb, abychom dos\u00e1hli uzn\u00e1n\u00ed a loajalitu z\u00e1kazn\u00edk\u016f.<\/p>\n<\/div><\/div>\n<\/div>\r\n\t<div class=\"wprt-spacer clearfix\" data-desktop=\"60\" data-mobi=\"20\" data-smobi=\"20\"><\/div>[\/vc_column][\/vc_row]<\/p>\n","protected":false},"excerpt":{"rendered":"<p>[vc_row][vc_column][vc_row_inner gap=&#8221;35&#8243;][vc_column_inner width=&#8221;1\/2&#8243;][vc_column_text]Ve spole\u010dnosti ADGT vyv\u00edj\u00edme a vyr\u00e1b\u00edme bezdr\u00e1tov\u00e1 \u0159e\u0161en\u00ed a syst\u00e9my pro vzd\u00e1len\u00fd sb\u011br, zpracov\u00e1n\u00ed a p\u0159enos dat p\u0159es mobiln\u00ed s\u00edt\u011b. Krom\u011b toho vytv\u00e1\u0159\u00edme speci\u00e1ln\u00ed software, d\u00edky n\u011bmu\u017e jsou na\u0161e produkty p\u0159izp\u016fsobiteln\u00fdmi a flexibiln\u00edmi n\u00e1stroji spl\u0148uj\u00edc\u00edmi po\u017eadavky na\u0161ich z\u00e1kazn\u00edk\u016f. ADGT zaji\u0161\u0165uje cel\u00fd v\u00fdrobn\u00ed cyklus: od v\u00fdvoje projektu a\u017e do vyd\u00e1n\u00ed hotov\u00e9ho produktu. Ve\u0161ker\u00e9 na\u0161e vybaven\u00ed je vyv\u00edjeno na z\u00e1klad\u011b vysoce kvalitn\u00edch certifikovan\u00fdch komponent\u016f od p\u0159edn\u00edch sv\u011btov\u00fdch v\u00fdrobc\u016f. Slu\u017eba kontroly kvality zaji\u0161\u0165uje trvanlivost a spolehlivost na\u0161ich za\u0159\u00edzen\u00ed.[\/vc_column_text][\/vc_column_inner][vc_column_inner width=&#8221;1\/2&#8243;][vc_single_image image=&#8221;7986&#8243; alignment=&#8221;center&#8221;][\/vc_column_inner][\/vc_row_inner][\/vc_column][\/vc_row][vc_row][vc_column width=&#8221;1\/2&#8243;][\/vc_column][vc_column width=&#8221;1\/2&#8243;][\/vc_column][\/vc_row]<\/p>\n","protected":false},"author":1,"featured_media":0,"parent":0,"menu_order":0,"comment_status":"closed","ping_status":"closed","template":"","meta":{"footnotes":""},"class_list":["post-7273","page","type-page","status-publish","hentry"],"yoast_head":"<!-- This site is optimized with the Yoast SEO plugin v23.5 - https:\/\/yoast.com\/wordpress\/plugins\/seo\/ -->\n<title>O N\u00c1S - ADGT<\/title>\n<meta name=\"robots\" content=\"index, follow, max-snippet:-1, max-image-preview:large, max-video-preview:-1\" \/>\n<link rel=\"canonical\" href=\"https:\/\/adgt.cz\/cs\/about-us\/\" \/>\n<meta property=\"og:locale\" content=\"cs_CZ\" \/>\n<meta property=\"og:type\" content=\"article\" \/>\n<meta property=\"og:title\" content=\"O N\u00c1S - ADGT\" \/>\n<meta property=\"og:description\" content=\"[vc_row][vc_column][vc_row_inner gap=&#8221;35&#8243;][vc_column_inner width=&#8221;1\/2&#8243;][vc_column_text]Ve spole\u010dnosti ADGT vyv\u00edj\u00edme a vyr\u00e1b\u00edme bezdr\u00e1tov\u00e1 \u0159e\u0161en\u00ed a syst\u00e9my pro vzd\u00e1len\u00fd sb\u011br, zpracov\u00e1n\u00ed a p\u0159enos dat p\u0159es mobiln\u00ed s\u00edt\u011b. Krom\u011b toho vytv\u00e1\u0159\u00edme speci\u00e1ln\u00ed software, d\u00edky n\u011bmu\u017e jsou na\u0161e produkty p\u0159izp\u016fsobiteln\u00fdmi a flexibiln\u00edmi n\u00e1stroji spl\u0148uj\u00edc\u00edmi po\u017eadavky na\u0161ich z\u00e1kazn\u00edk\u016f. ADGT zaji\u0161\u0165uje cel\u00fd v\u00fdrobn\u00ed cyklus: od v\u00fdvoje projektu a\u017e do vyd\u00e1n\u00ed hotov\u00e9ho produktu. Ve\u0161ker\u00e9 na\u0161e vybaven\u00ed je vyv\u00edjeno na z\u00e1klad\u011b vysoce kvalitn\u00edch certifikovan\u00fdch komponent\u016f od p\u0159edn\u00edch sv\u011btov\u00fdch v\u00fdrobc\u016f. Slu\u017eba kontroly kvality zaji\u0161\u0165uje trvanlivost a spolehlivost na\u0161ich za\u0159\u00edzen\u00ed.[\/vc_column_text][\/vc_column_inner][vc_column_inner width=&#8221;1\/2&#8243;][vc_single_image image=&#8221;7986&#8243; alignment=&#8221;center&#8221;][\/vc_column_inner][\/vc_row_inner][\/vc_column][\/vc_row][vc_row][vc_column width=&#8221;1\/2&#8243;][\/vc_column][vc_column width=&#8221;1\/2&#8243;][\/vc_column][\/vc_row]\" \/>\n<meta property=\"og:url\" content=\"https:\/\/adgt.cz\/cs\/about-us\/\" \/>\n<meta property=\"og:site_name\" content=\"ADGT\" \/>\n<meta property=\"article:modified_time\" content=\"2021-05-21T12:30:56+00:00\" \/>\n<meta name=\"twitter:card\" content=\"summary_large_image\" \/>\n<meta name=\"twitter:label1\" content=\"Odhadovan\u00e1 doba \u010dten\u00ed\" \/>\n\t<meta name=\"twitter:data1\" content=\"5 minut\" \/>\n<script type=\"application\/ld+json\" class=\"yoast-schema-graph\">{\"@context\":\"https:\/\/schema.org\",\"@graph\":[{\"@type\":\"WebPage\",\"@id\":\"https:\/\/adgt.cz\/cs\/about-us\/\",\"url\":\"https:\/\/adgt.cz\/cs\/about-us\/\",\"name\":\"O N\u00c1S - ADGT\",\"isPartOf\":{\"@id\":\"https:\/\/adgt.cz\/cs\/#website\"},\"datePublished\":\"2020-11-18T11:44:24+00:00\",\"dateModified\":\"2021-05-21T12:30:56+00:00\",\"breadcrumb\":{\"@id\":\"https:\/\/adgt.cz\/cs\/about-us\/#breadcrumb\"},\"inLanguage\":\"cs\",\"potentialAction\":[{\"@type\":\"ReadAction\",\"target\":[\"https:\/\/adgt.cz\/cs\/about-us\/\"]}]},{\"@type\":\"BreadcrumbList\",\"@id\":\"https:\/\/adgt.cz\/cs\/about-us\/#breadcrumb\",\"itemListElement\":[{\"@type\":\"ListItem\",\"position\":1,\"name\":\"Home\",\"item\":\"https:\/\/adgt.cz\/cs\/\"},{\"@type\":\"ListItem\",\"position\":2,\"name\":\"O N\u00c1S\"}]},{\"@type\":\"WebSite\",\"@id\":\"https:\/\/adgt.cz\/cs\/#website\",\"url\":\"https:\/\/adgt.cz\/cs\/\",\"name\":\"ADGT\",\"description\":\"Just another WordPress site\",\"publisher\":{\"@id\":\"https:\/\/adgt.cz\/cs\/#organization\"},\"potentialAction\":[{\"@type\":\"SearchAction\",\"target\":{\"@type\":\"EntryPoint\",\"urlTemplate\":\"https:\/\/adgt.cz\/cs\/?s={search_term_string}\"},\"query-input\":{\"@type\":\"PropertyValueSpecification\",\"valueRequired\":true,\"valueName\":\"search_term_string\"}}],\"inLanguage\":\"cs\"},{\"@type\":\"Organization\",\"@id\":\"https:\/\/adgt.cz\/cs\/#organization\",\"name\":\"ADGT\",\"url\":\"https:\/\/adgt.cz\/cs\/\",\"logo\":{\"@type\":\"ImageObject\",\"inLanguage\":\"cs\",\"@id\":\"https:\/\/adgt.cz\/cs\/#\/schema\/logo\/image\/\",\"url\":\"https:\/\/adgt.cz\/wp-content\/uploads\/2020\/09\/ADGT_logo_Magenta.png\",\"contentUrl\":\"https:\/\/adgt.cz\/wp-content\/uploads\/2020\/09\/ADGT_logo_Magenta.png\",\"width\":798,\"height\":208,\"caption\":\"ADGT\"},\"image\":{\"@id\":\"https:\/\/adgt.cz\/cs\/#\/schema\/logo\/image\/\"}}]}<\/script>\n<!-- \/ Yoast SEO plugin. -->","yoast_head_json":{"title":"O N\u00c1S - ADGT","robots":{"index":"index","follow":"follow","max-snippet":"max-snippet:-1","max-image-preview":"max-image-preview:large","max-video-preview":"max-video-preview:-1"},"canonical":"https:\/\/adgt.cz\/cs\/about-us\/","og_locale":"cs_CZ","og_type":"article","og_title":"O N\u00c1S - ADGT","og_description":"[vc_row][vc_column][vc_row_inner gap=&#8221;35&#8243;][vc_column_inner width=&#8221;1\/2&#8243;][vc_column_text]Ve spole\u010dnosti ADGT vyv\u00edj\u00edme a vyr\u00e1b\u00edme bezdr\u00e1tov\u00e1 \u0159e\u0161en\u00ed a syst\u00e9my pro vzd\u00e1len\u00fd sb\u011br, zpracov\u00e1n\u00ed a p\u0159enos dat p\u0159es mobiln\u00ed s\u00edt\u011b. Krom\u011b toho vytv\u00e1\u0159\u00edme speci\u00e1ln\u00ed software, d\u00edky n\u011bmu\u017e jsou na\u0161e produkty p\u0159izp\u016fsobiteln\u00fdmi a flexibiln\u00edmi n\u00e1stroji spl\u0148uj\u00edc\u00edmi po\u017eadavky na\u0161ich z\u00e1kazn\u00edk\u016f. ADGT zaji\u0161\u0165uje cel\u00fd v\u00fdrobn\u00ed cyklus: od v\u00fdvoje projektu a\u017e do vyd\u00e1n\u00ed hotov\u00e9ho produktu. Ve\u0161ker\u00e9 na\u0161e vybaven\u00ed je vyv\u00edjeno na z\u00e1klad\u011b vysoce kvalitn\u00edch certifikovan\u00fdch komponent\u016f od p\u0159edn\u00edch sv\u011btov\u00fdch v\u00fdrobc\u016f. Slu\u017eba kontroly kvality zaji\u0161\u0165uje trvanlivost a spolehlivost na\u0161ich za\u0159\u00edzen\u00ed.[\/vc_column_text][\/vc_column_inner][vc_column_inner width=&#8221;1\/2&#8243;][vc_single_image image=&#8221;7986&#8243; alignment=&#8221;center&#8221;][\/vc_column_inner][\/vc_row_inner][\/vc_column][\/vc_row][vc_row][vc_column width=&#8221;1\/2&#8243;][\/vc_column][vc_column width=&#8221;1\/2&#8243;][\/vc_column][\/vc_row]","og_url":"https:\/\/adgt.cz\/cs\/about-us\/","og_site_name":"ADGT","article_modified_time":"2021-05-21T12:30:56+00:00","twitter_card":"summary_large_image","twitter_misc":{"Odhadovan\u00e1 doba \u010dten\u00ed":"5 minut"},"schema":{"@context":"https:\/\/schema.org","@graph":[{"@type":"WebPage","@id":"https:\/\/adgt.cz\/cs\/about-us\/","url":"https:\/\/adgt.cz\/cs\/about-us\/","name":"O N\u00c1S - ADGT","isPartOf":{"@id":"https:\/\/adgt.cz\/cs\/#website"},"datePublished":"2020-11-18T11:44:24+00:00","dateModified":"2021-05-21T12:30:56+00:00","breadcrumb":{"@id":"https:\/\/adgt.cz\/cs\/about-us\/#breadcrumb"},"inLanguage":"cs","potentialAction":[{"@type":"ReadAction","target":["https:\/\/adgt.cz\/cs\/about-us\/"]}]},{"@type":"BreadcrumbList","@id":"https:\/\/adgt.cz\/cs\/about-us\/#breadcrumb","itemListElement":[{"@type":"ListItem","position":1,"name":"Home","item":"https:\/\/adgt.cz\/cs\/"},{"@type":"ListItem","position":2,"name":"O N\u00c1S"}]},{"@type":"WebSite","@id":"https:\/\/adgt.cz\/cs\/#website","url":"https:\/\/adgt.cz\/cs\/","name":"ADGT","description":"Just another WordPress site","publisher":{"@id":"https:\/\/adgt.cz\/cs\/#organization"},"potentialAction":[{"@type":"SearchAction","target":{"@type":"EntryPoint","urlTemplate":"https:\/\/adgt.cz\/cs\/?s={search_term_string}"},"query-input":{"@type":"PropertyValueSpecification","valueRequired":true,"valueName":"search_term_string"}}],"inLanguage":"cs"},{"@type":"Organization","@id":"https:\/\/adgt.cz\/cs\/#organization","name":"ADGT","url":"https:\/\/adgt.cz\/cs\/","logo":{"@type":"ImageObject","inLanguage":"cs","@id":"https:\/\/adgt.cz\/cs\/#\/schema\/logo\/image\/","url":"https:\/\/adgt.cz\/wp-content\/uploads\/2020\/09\/ADGT_logo_Magenta.png","contentUrl":"https:\/\/adgt.cz\/wp-content\/uploads\/2020\/09\/ADGT_logo_Magenta.png","width":798,"height":208,"caption":"ADGT"},"image":{"@id":"https:\/\/adgt.cz\/cs\/#\/schema\/logo\/image\/"}}]}},"_links":{"self":[{"href":"https:\/\/adgt.cz\/cs\/wp-json\/wp\/v2\/pages\/7273"}],"collection":[{"href":"https:\/\/adgt.cz\/cs\/wp-json\/wp\/v2\/pages"}],"about":[{"href":"https:\/\/adgt.cz\/cs\/wp-json\/wp\/v2\/types\/page"}],"author":[{"embeddable":true,"href":"https:\/\/adgt.cz\/cs\/wp-json\/wp\/v2\/users\/1"}],"replies":[{"embeddable":true,"href":"https:\/\/adgt.cz\/cs\/wp-json\/wp\/v2\/comments?post=7273"}],"version-history":[{"count":3,"href":"https:\/\/adgt.cz\/cs\/wp-json\/wp\/v2\/pages\/7273\/revisions"}],"predecessor-version":[{"id":11887,"href":"https:\/\/adgt.cz\/cs\/wp-json\/wp\/v2\/pages\/7273\/revisions\/11887"}],"wp:attachment":[{"href":"https:\/\/adgt.cz\/cs\/wp-json\/wp\/v2\/media?parent=7273"}],"curies":[{"name":"wp","href":"https:\/\/api.w.org\/{rel}","templated":true}]}}