{"id":7259,"date":"2020-11-18T11:19:32","date_gmt":"2020-11-18T11:19:32","guid":{"rendered":"https:\/\/adgt.cz\/?page_id=7259"},"modified":"2022-02-16T09:35:21","modified_gmt":"2022-02-16T09:35:21","slug":"contacts","status":"publish","type":"page","link":"https:\/\/adgt.cz\/cs\/contacts\/","title":{"rendered":"Kontakty"},"content":{"rendered":"<p>[vc_row][vc_column parallax=&#8221;content-moving&#8221; width=&#8221;1\/2&#8243;]\r\n\t<div class=\"wprt-spacer clearfix\" data-desktop=\"20\" data-mobi=\"60\" data-smobi=\"60\"><\/div>[vc_column_text]<strong>ADGT systems s.r.o.<\/strong><br \/>\nI\u010c: 09752463<br \/>\nDI\u010c: CZ09752463[\/vc_column_text]\r\n\t<div class=\"wprt-spacer clearfix\" data-desktop=\"20\" data-mobi=\"40\" data-smobi=\"40\"><\/div>[vc_column_text]Pl\u00e1ni\u010dkova, 442\/3, Praha, 162 00 CZ[\/vc_column_text][vc_column_text]<a href=\"tel:+420234076670\">+420 234 076 670<\/a><br \/>\n<span class=\"font-size-16\"><a href=\"mailto:info@adgt.cz\" target=\"_blank\" rel=\"noopener noreferrer\">info@adgt.cz<\/a><\/span>[\/vc_column_text]\r\n\t<div class=\"wprt-spacer clearfix\" data-desktop=\"20\" data-mobi=\"40\" data-smobi=\"40\"><\/div>[vc_column_text]<strong>Otev\u00edrac\u00ed doba:<\/strong><br \/>\nPo-P\u00e1: 08:00 \u2013 16:00[\/vc_column_text]\r\n\t<div class=\"wprt-spacer clearfix\" data-desktop=\"10\" data-mobi=\"20\" data-smobi=\"20\"><\/div>[vc_column_text]Kontaktujte n\u00e1s s jakoukoliv ot\u00e1zkou a my se pokus\u00edme odpov\u011bd\u011bt v co nejkrat\u0161\u00edm term\u00ednu![\/vc_column_text][\/vc_column][vc_column width=&#8221;1\/2&#8243;]<div class=\"wprt-content-box clearfix \" data-padding=\"\" data-mobipadding=\"\" data-margin=\"\" data-mobimargin=\"\">\r\n\t\t<div class=\"inner \" style=\"\">\r\n\t\t\t\r\n\t\t<\/div>\r\n\t<\/div>[\/vc_column][\/vc_row][vc_row][vc_column]\r\n\t<div class=\"wprt-spacer clearfix\" data-desktop=\"80\" data-mobi=\"40\" data-smobi=\"40\"><\/div><div class=\"wprt-content-box clearfix \" data-padding=\"\" data-mobipadding=\"\" data-margin=\"\" data-mobimargin=\"\">\r\n\t\t<div class=\"inner \" style=\"\">\r\n\t\t\t<p>[vc_row_inner][vc_column_inner width=&#8221;9\/12&#8243;]<div class=\"wprt-headings clearfix \" data-font=16 style=\"\"><h2 class=\"heading clearfix\" style=\"font-size:16px;\">\r\n\t\tKONTAKTN\u00cd FORMUL\u00c1\u0158\r\n\t<\/h2><\/div><div class=\"wprt-divider divider-center divider-solid\" style=\"border-top-color:#e0e0e0;margin-top:10px;\"><\/div><div class=\"clearfix\"><\/div>\r\n\t<div class=\"wprt-spacer clearfix\" data-desktop=\"30\" data-mobi=\"20\" data-smobi=\"20\"><\/div><div class=\"wprt-headings clearfix \"  style=\"\"><p class=\"sub-heading clearfix\" style=\"font-style:normal;color:#999999;font-size:18px;\">\r\n\t\tObvykle odpov\u00edd\u00e1me do 24 hodin v pracovn\u00edch dnech.\r\n\t<\/p><\/div>\r\n\t<div class=\"wprt-spacer clearfix\" data-desktop=\"30\" data-mobi=\"20\" data-smobi=\"20\"><\/div>\n<div class=\"wpcf7 no-js\" id=\"wpcf7-f9000-o1\" lang=\"cs-CZ\" dir=\"ltr\">\n<div class=\"screen-reader-response\"><p role=\"status\" aria-live=\"polite\" aria-atomic=\"true\"><\/p> <ul><\/ul><\/div>\n<form action=\"\/cs\/wp-json\/wp\/v2\/pages\/7259#wpcf7-f9000-o1\" method=\"post\" class=\"wpcf7-form init\" aria-label=\"Kontaktn\u00ed formul\u00e1\u0159\" novalidate=\"novalidate\" data-status=\"init\">\n<div style=\"display: none;\">\n<input type=\"hidden\" name=\"_wpcf7\" value=\"9000\" \/>\n<input type=\"hidden\" name=\"_wpcf7_version\" value=\"5.9.8\" \/>\n<input type=\"hidden\" name=\"_wpcf7_locale\" value=\"cs_CZ\" \/>\n<input type=\"hidden\" name=\"_wpcf7_unit_tag\" value=\"wpcf7-f9000-o1\" \/>\n<input type=\"hidden\" name=\"_wpcf7_container_post\" value=\"0\" \/>\n<input type=\"hidden\" name=\"_wpcf7_posted_data_hash\" value=\"\" \/>\n<input type=\"hidden\" name=\"_wpcf7_recaptcha_response\" value=\"\" \/>\n<\/div>\n<div class=\"wprt-contact-form-3 input-bottom-20 message-height-150\">\n\t<p><span class=\"wpcf7-form-control-wrap\" data-name=\"your-name\"><input size=\"40\" maxlength=\"400\" class=\"wpcf7-form-control wpcf7-text wpcf7-validates-as-required\" aria-required=\"true\" aria-invalid=\"false\" placeholder=\"JM\u00c9NO\" value=\"\" type=\"text\" name=\"your-name\" \/><\/span><span class=\"wpcf7-form-control-wrap\" data-name=\"your-email\"><input size=\"40\" maxlength=\"400\" class=\"wpcf7-form-control wpcf7-email wpcf7-validates-as-required wpcf7-text wpcf7-validates-as-email\" aria-required=\"true\" aria-invalid=\"false\" placeholder=\"E-MAIL\" value=\"\" type=\"email\" name=\"your-email\" \/><\/span><span class=\"wpcf7-form-control-wrap\" data-name=\"your-subject\"><input size=\"40\" maxlength=\"400\" class=\"wpcf7-form-control wpcf7-text wpcf7-validates-as-required\" aria-required=\"true\" aria-invalid=\"false\" placeholder=\"P\u0158EDM\u011aT\" value=\"\" type=\"text\" name=\"your-subject\" \/><\/span><span class=\"wpcf7-form-control-wrap\" data-name=\"your-message\"><textarea cols=\"40\" rows=\"10\" maxlength=\"2000\" class=\"wpcf7-form-control wpcf7-textarea\" aria-invalid=\"false\" placeholder=\"ZPR\u00c1VA\" name=\"your-message\"><\/textarea><\/span><br \/>\n<label><span class=\"wpcf7-form-control-wrap\" data-name=\"acceptance-512\"><span class=\"wpcf7-form-control wpcf7-acceptance\"><span class=\"wpcf7-list-item\"><input type=\"checkbox\" name=\"acceptance-512\" value=\"1\" aria-invalid=\"false\" \/><\/span><\/span><\/span> Prohla\u0161uji, \u017ee jsem si p\u0159e\u010detl\/a a p\u0159ij\u00edm\u00e1m z\u00e1sady <a href=\"\/privacy-policy\" target=\"_blank\">ochrany osobn\u00edch \u00fadaj\u016f.<\/a> <\/label>\n\t<\/p>\n\t<div class=\"wrap-submit\">\n\t\t<p><input class=\"wpcf7-form-control wpcf7-submit has-spinner\" type=\"submit\" value=\"ODESLAT\" \/>\n\t\t<\/p>\n\t<\/div>\n<\/div><div class=\"wpcf7-response-output\" aria-hidden=\"true\"><\/div>\n<\/form>\n<\/div>\n\r\n\t<div class=\"wprt-spacer clearfix\" data-desktop=\"0\" data-mobi=\"50\" data-smobi=\"50\"><\/div>[\/vc_column_inner][\/vc_row_inner]<\/p>\n\r\n\t\t<\/div>\r\n\t<\/div>[\/vc_column][\/vc_row][vc_row full_width=&#8221;stretch_row_content_no_spaces&#8221;][vc_column]\r\n\t<div class=\"wprt-spacer clearfix\" data-desktop=\"30\" data-mobi=\"15\" data-smobi=\"15\"><\/div>[vc_gmaps link=&#8221;#E-8_JTNDaWZyYW1lJTIwc3JjJTNEJTIyaHR0cHMlM0ElMkYlMkZ3d3cuZ29vZ2xlLmNvbSUyRm1hcHMlMkZlbWJlZCUzRnBiJTNEJTIxMW0xOCUyMTFtMTIlMjExbTMlMjExZDE0MTg0My41MDUwMjA5ODE3NCUyMTJkMTQuMzYzODQyMTg5ODMyODM2JTIxM2Q1MC4wNzQ3OTU2OTE1ODQ1OSUyMTJtMyUyMTFmMCUyMTJmMCUyMTNmMCUyMTNtMiUyMTFpMTAyNCUyMTJpNzY4JTIxNGYxMy4xJTIxM20zJTIxMW0yJTIxMXMweDQ3MGJiZmQ3ZDdhMjk3ZGIlMjUzQTB4YmU3NGJmMWI1OGJlY2ZiYSUyMTJ6VUd6RG9XNXB4STFyYjNaaElEUTBNaXdnTVRZeUlEQXdJRkJ5WVdoaElEWXRWbVZzWlhOc1lYYkRyVzRzSU5DbjBMWFJoZEM0MFk4JTIxNWUwJTIxM20yJTIxMXNydSUyMTJzcnUlMjE0djE2MDE1NDc5NjAyNjglMjE1bTIlMjExc3J1JTIxMnNydSUyMiUyMHdpZHRoJTNEJTIyODAwJTIyJTIwaGVpZ2h0JTNEJTIyNjAwJTIyJTIwZnJhbWVib3JkZXIlM0QlMjIwJTIyJTIwc3R5bGUlM0QlMjJib3JkZXIlM0EwJTNCJTIyJTIwYWxsb3dmdWxsc2NyZWVuJTNEJTIyJTIyJTIwYXJpYS1oaWRkZW4lM0QlMjJmYWxzZSUyMiUyMHRhYmluZGV4JTNEJTIyMCUyMiUzRSUzQyUyRmlmcmFtZSUzRQ==&#8221;][\/vc_column][\/vc_row]<\/p>\n","protected":false},"excerpt":{"rendered":"<p>[vc_row][vc_column parallax=&#8221;content-moving&#8221; width=&#8221;1\/2&#8243;][vc_column_text]ADGT systems s.r.o. I\u010c: 09752463 DI\u010c: CZ09752463[\/vc_column_text][vc_column_text]Pl\u00e1ni\u010dkova, 442\/3, Praha, 162 00 CZ[\/vc_column_text][vc_column_text]+420 234 076 670 info@adgt.cz[\/vc_column_text][vc_column_text]Otev\u00edrac\u00ed doba: Po-P\u00e1: 08:00 \u2013 16:00[\/vc_column_text][vc_column_text]Kontaktujte n\u00e1s s jakoukoliv ot\u00e1zkou a my se pokus\u00edme odpov\u011bd\u011bt v co nejkrat\u0161\u00edm term\u00ednu![\/vc_column_text][\/vc_column][vc_column width=&#8221;1\/2&#8243;][\/vc_column][\/vc_row][vc_row][vc_column][\/vc_column][\/vc_row][vc_row full_width=&#8221;stretch_row_content_no_spaces&#8221;][vc_column][vc_gmaps link=&#8221;#E-8_JTNDaWZyYW1lJTIwc3JjJTNEJTIyaHR0cHMlM0ElMkYlMkZ3d3cuZ29vZ2xlLmNvbSUyRm1hcHMlMkZlbWJlZCUzRnBiJTNEJTIxMW0xOCUyMTFtMTIlMjExbTMlMjExZDE0MTg0My41MDUwMjA5ODE3NCUyMTJkMTQuMzYzODQyMTg5ODMyODM2JTIxM2Q1MC4wNzQ3OTU2OTE1ODQ1OSUyMTJtMyUyMTFmMCUyMTJmMCUyMTNmMCUyMTNtMiUyMTFpMTAyNCUyMTJpNzY4JTIxNGYxMy4xJTIxM20zJTIxMW0yJTIxMXMweDQ3MGJiZmQ3ZDdhMjk3ZGIlMjUzQTB4YmU3NGJmMWI1OGJlY2ZiYSUyMTJ6VUd6RG9XNXB4STFyYjNaaElEUTBNaXdnTVRZeUlEQXdJRkJ5WVdoaElEWXRWbVZzWlhOc1lYYkRyVzRzSU5DbjBMWFJoZEM0MFk4JTIxNWUwJTIxM20yJTIxMXNydSUyMTJzcnUlMjE0djE2MDE1NDc5NjAyNjglMjE1bTIlMjExc3J1JTIxMnNydSUyMiUyMHdpZHRoJTNEJTIyODAwJTIyJTIwaGVpZ2h0JTNEJTIyNjAwJTIyJTIwZnJhbWVib3JkZXIlM0QlMjIwJTIyJTIwc3R5bGUlM0QlMjJib3JkZXIlM0EwJTNCJTIyJTIwYWxsb3dmdWxsc2NyZWVuJTNEJTIyJTIyJTIwYXJpYS1oaWRkZW4lM0QlMjJmYWxzZSUyMiUyMHRhYmluZGV4JTNEJTIyMCUyMiUzRSUzQyUyRmlmcmFtZSUzRQ==&#8221;][\/vc_column][\/vc_row]<\/p>\n","protected":false},"author":1,"featured_media":0,"parent":0,"menu_order":0,"comment_status":"closed","ping_status":"closed","template":"","meta":{"footnotes":""},"class_list":["post-7259","page","type-page","status-publish","hentry"],"yoast_head":"<!-- This site is optimized with the Yoast SEO plugin v23.5 - https:\/\/yoast.com\/wordpress\/plugins\/seo\/ -->\n<title>Kontakty - ADGT<\/title>\n<meta name=\"robots\" content=\"index, follow, max-snippet:-1, max-image-preview:large, max-video-preview:-1\" \/>\n<link rel=\"canonical\" href=\"https:\/\/adgt.cz\/cs\/contacts\/\" \/>\n<meta property=\"og:locale\" content=\"cs_CZ\" \/>\n<meta property=\"og:type\" content=\"article\" \/>\n<meta property=\"og:title\" content=\"Kontakty - ADGT\" \/>\n<meta property=\"og:description\" content=\"[vc_row][vc_column parallax=&#8221;content-moving&#8221; width=&#8221;1\/2&#8243;][vc_column_text]ADGT systems s.r.o. I\u010c: 09752463 DI\u010c: CZ09752463[\/vc_column_text][vc_column_text]Pl\u00e1ni\u010dkova, 442\/3, Praha, 162 00 CZ[\/vc_column_text][vc_column_text]+420 234 076 670 info@adgt.cz[\/vc_column_text][vc_column_text]Otev\u00edrac\u00ed doba: Po-P\u00e1: 08:00 \u2013 16:00[\/vc_column_text][vc_column_text]Kontaktujte n\u00e1s s jakoukoliv ot\u00e1zkou a my se pokus\u00edme odpov\u011bd\u011bt v co nejkrat\u0161\u00edm term\u00ednu![\/vc_column_text][\/vc_column][vc_column width=&#8221;1\/2&#8243;][\/vc_column][\/vc_row][vc_row][vc_column][\/vc_column][\/vc_row][vc_row full_width=&#8221;stretch_row_content_no_spaces&#8221;][vc_column][vc_gmaps link=&#8221;#E-8_JTNDaWZyYW1lJTIwc3JjJTNEJTIyaHR0cHMlM0ElMkYlMkZ3d3cuZ29vZ2xlLmNvbSUyRm1hcHMlMkZlbWJlZCUzRnBiJTNEJTIxMW0xOCUyMTFtMTIlMjExbTMlMjExZDE0MTg0My41MDUwMjA5ODE3NCUyMTJkMTQuMzYzODQyMTg5ODMyODM2JTIxM2Q1MC4wNzQ3OTU2OTE1ODQ1OSUyMTJtMyUyMTFmMCUyMTJmMCUyMTNmMCUyMTNtMiUyMTFpMTAyNCUyMTJpNzY4JTIxNGYxMy4xJTIxM20zJTIxMW0yJTIxMXMweDQ3MGJiZmQ3ZDdhMjk3ZGIlMjUzQTB4YmU3NGJmMWI1OGJlY2ZiYSUyMTJ6VUd6RG9XNXB4STFyYjNaaElEUTBNaXdnTVRZeUlEQXdJRkJ5WVdoaElEWXRWbVZzWlhOc1lYYkRyVzRzSU5DbjBMWFJoZEM0MFk4JTIxNWUwJTIxM20yJTIxMXNydSUyMTJzcnUlMjE0djE2MDE1NDc5NjAyNjglMjE1bTIlMjExc3J1JTIxMnNydSUyMiUyMHdpZHRoJTNEJTIyODAwJTIyJTIwaGVpZ2h0JTNEJTIyNjAwJTIyJTIwZnJhbWVib3JkZXIlM0QlMjIwJTIyJTIwc3R5bGUlM0QlMjJib3JkZXIlM0EwJTNCJTIyJTIwYWxsb3dmdWxsc2NyZWVuJTNEJTIyJTIyJTIwYXJpYS1oaWRkZW4lM0QlMjJmYWxzZSUyMiUyMHRhYmluZGV4JTNEJTIyMCUyMiUzRSUzQyUyRmlmcmFtZSUzRQ==&#8221;][\/vc_column][\/vc_row]\" \/>\n<meta property=\"og:url\" content=\"https:\/\/adgt.cz\/cs\/contacts\/\" \/>\n<meta property=\"og:site_name\" content=\"ADGT\" \/>\n<meta property=\"article:modified_time\" content=\"2022-02-16T09:35:21+00:00\" \/>\n<meta name=\"twitter:card\" content=\"summary_large_image\" \/>\n<meta name=\"twitter:label1\" content=\"Odhadovan\u00e1 doba \u010dten\u00ed\" \/>\n\t<meta name=\"twitter:data1\" content=\"2 minuty\" \/>\n<script type=\"application\/ld+json\" class=\"yoast-schema-graph\">{\"@context\":\"https:\/\/schema.org\",\"@graph\":[{\"@type\":\"WebPage\",\"@id\":\"https:\/\/adgt.cz\/cs\/contacts\/\",\"url\":\"https:\/\/adgt.cz\/cs\/contacts\/\",\"name\":\"Kontakty - ADGT\",\"isPartOf\":{\"@id\":\"https:\/\/adgt.cz\/cs\/#website\"},\"datePublished\":\"2020-11-18T11:19:32+00:00\",\"dateModified\":\"2022-02-16T09:35:21+00:00\",\"breadcrumb\":{\"@id\":\"https:\/\/adgt.cz\/cs\/contacts\/#breadcrumb\"},\"inLanguage\":\"cs\",\"potentialAction\":[{\"@type\":\"ReadAction\",\"target\":[\"https:\/\/adgt.cz\/cs\/contacts\/\"]}]},{\"@type\":\"BreadcrumbList\",\"@id\":\"https:\/\/adgt.cz\/cs\/contacts\/#breadcrumb\",\"itemListElement\":[{\"@type\":\"ListItem\",\"position\":1,\"name\":\"Home\",\"item\":\"https:\/\/adgt.cz\/cs\/\"},{\"@type\":\"ListItem\",\"position\":2,\"name\":\"Kontakty\"}]},{\"@type\":\"WebSite\",\"@id\":\"https:\/\/adgt.cz\/cs\/#website\",\"url\":\"https:\/\/adgt.cz\/cs\/\",\"name\":\"ADGT\",\"description\":\"Just another WordPress site\",\"publisher\":{\"@id\":\"https:\/\/adgt.cz\/cs\/#organization\"},\"potentialAction\":[{\"@type\":\"SearchAction\",\"target\":{\"@type\":\"EntryPoint\",\"urlTemplate\":\"https:\/\/adgt.cz\/cs\/?s={search_term_string}\"},\"query-input\":{\"@type\":\"PropertyValueSpecification\",\"valueRequired\":true,\"valueName\":\"search_term_string\"}}],\"inLanguage\":\"cs\"},{\"@type\":\"Organization\",\"@id\":\"https:\/\/adgt.cz\/cs\/#organization\",\"name\":\"ADGT\",\"url\":\"https:\/\/adgt.cz\/cs\/\",\"logo\":{\"@type\":\"ImageObject\",\"inLanguage\":\"cs\",\"@id\":\"https:\/\/adgt.cz\/cs\/#\/schema\/logo\/image\/\",\"url\":\"https:\/\/adgt.cz\/wp-content\/uploads\/2020\/09\/ADGT_logo_Magenta.png\",\"contentUrl\":\"https:\/\/adgt.cz\/wp-content\/uploads\/2020\/09\/ADGT_logo_Magenta.png\",\"width\":798,\"height\":208,\"caption\":\"ADGT\"},\"image\":{\"@id\":\"https:\/\/adgt.cz\/cs\/#\/schema\/logo\/image\/\"}}]}<\/script>\n<!-- \/ Yoast SEO plugin. -->","yoast_head_json":{"title":"Kontakty - ADGT","robots":{"index":"index","follow":"follow","max-snippet":"max-snippet:-1","max-image-preview":"max-image-preview:large","max-video-preview":"max-video-preview:-1"},"canonical":"https:\/\/adgt.cz\/cs\/contacts\/","og_locale":"cs_CZ","og_type":"article","og_title":"Kontakty - ADGT","og_description":"[vc_row][vc_column parallax=&#8221;content-moving&#8221; width=&#8221;1\/2&#8243;][vc_column_text]ADGT systems s.r.o. I\u010c: 09752463 DI\u010c: CZ09752463[\/vc_column_text][vc_column_text]Pl\u00e1ni\u010dkova, 442\/3, Praha, 162 00 CZ[\/vc_column_text][vc_column_text]+420 234 076 670 info@adgt.cz[\/vc_column_text][vc_column_text]Otev\u00edrac\u00ed doba: Po-P\u00e1: 08:00 \u2013 16:00[\/vc_column_text][vc_column_text]Kontaktujte n\u00e1s s jakoukoliv ot\u00e1zkou a my se pokus\u00edme odpov\u011bd\u011bt v co nejkrat\u0161\u00edm term\u00ednu![\/vc_column_text][\/vc_column][vc_column width=&#8221;1\/2&#8243;][\/vc_column][\/vc_row][vc_row][vc_column][\/vc_column][\/vc_row][vc_row full_width=&#8221;stretch_row_content_no_spaces&#8221;][vc_column][vc_gmaps link=&#8221;#E-8_JTNDaWZyYW1lJTIwc3JjJTNEJTIyaHR0cHMlM0ElMkYlMkZ3d3cuZ29vZ2xlLmNvbSUyRm1hcHMlMkZlbWJlZCUzRnBiJTNEJTIxMW0xOCUyMTFtMTIlMjExbTMlMjExZDE0MTg0My41MDUwMjA5ODE3NCUyMTJkMTQuMzYzODQyMTg5ODMyODM2JTIxM2Q1MC4wNzQ3OTU2OTE1ODQ1OSUyMTJtMyUyMTFmMCUyMTJmMCUyMTNmMCUyMTNtMiUyMTFpMTAyNCUyMTJpNzY4JTIxNGYxMy4xJTIxM20zJTIxMW0yJTIxMXMweDQ3MGJiZmQ3ZDdhMjk3ZGIlMjUzQTB4YmU3NGJmMWI1OGJlY2ZiYSUyMTJ6VUd6RG9XNXB4STFyYjNaaElEUTBNaXdnTVRZeUlEQXdJRkJ5WVdoaElEWXRWbVZzWlhOc1lYYkRyVzRzSU5DbjBMWFJoZEM0MFk4JTIxNWUwJTIxM20yJTIxMXNydSUyMTJzcnUlMjE0djE2MDE1NDc5NjAyNjglMjE1bTIlMjExc3J1JTIxMnNydSUyMiUyMHdpZHRoJTNEJTIyODAwJTIyJTIwaGVpZ2h0JTNEJTIyNjAwJTIyJTIwZnJhbWVib3JkZXIlM0QlMjIwJTIyJTIwc3R5bGUlM0QlMjJib3JkZXIlM0EwJTNCJTIyJTIwYWxsb3dmdWxsc2NyZWVuJTNEJTIyJTIyJTIwYXJpYS1oaWRkZW4lM0QlMjJmYWxzZSUyMiUyMHRhYmluZGV4JTNEJTIyMCUyMiUzRSUzQyUyRmlmcmFtZSUzRQ==&#8221;][\/vc_column][\/vc_row]","og_url":"https:\/\/adgt.cz\/cs\/contacts\/","og_site_name":"ADGT","article_modified_time":"2022-02-16T09:35:21+00:00","twitter_card":"summary_large_image","twitter_misc":{"Odhadovan\u00e1 doba \u010dten\u00ed":"2 minuty"},"schema":{"@context":"https:\/\/schema.org","@graph":[{"@type":"WebPage","@id":"https:\/\/adgt.cz\/cs\/contacts\/","url":"https:\/\/adgt.cz\/cs\/contacts\/","name":"Kontakty - ADGT","isPartOf":{"@id":"https:\/\/adgt.cz\/cs\/#website"},"datePublished":"2020-11-18T11:19:32+00:00","dateModified":"2022-02-16T09:35:21+00:00","breadcrumb":{"@id":"https:\/\/adgt.cz\/cs\/contacts\/#breadcrumb"},"inLanguage":"cs","potentialAction":[{"@type":"ReadAction","target":["https:\/\/adgt.cz\/cs\/contacts\/"]}]},{"@type":"BreadcrumbList","@id":"https:\/\/adgt.cz\/cs\/contacts\/#breadcrumb","itemListElement":[{"@type":"ListItem","position":1,"name":"Home","item":"https:\/\/adgt.cz\/cs\/"},{"@type":"ListItem","position":2,"name":"Kontakty"}]},{"@type":"WebSite","@id":"https:\/\/adgt.cz\/cs\/#website","url":"https:\/\/adgt.cz\/cs\/","name":"ADGT","description":"Just another WordPress site","publisher":{"@id":"https:\/\/adgt.cz\/cs\/#organization"},"potentialAction":[{"@type":"SearchAction","target":{"@type":"EntryPoint","urlTemplate":"https:\/\/adgt.cz\/cs\/?s={search_term_string}"},"query-input":{"@type":"PropertyValueSpecification","valueRequired":true,"valueName":"search_term_string"}}],"inLanguage":"cs"},{"@type":"Organization","@id":"https:\/\/adgt.cz\/cs\/#organization","name":"ADGT","url":"https:\/\/adgt.cz\/cs\/","logo":{"@type":"ImageObject","inLanguage":"cs","@id":"https:\/\/adgt.cz\/cs\/#\/schema\/logo\/image\/","url":"https:\/\/adgt.cz\/wp-content\/uploads\/2020\/09\/ADGT_logo_Magenta.png","contentUrl":"https:\/\/adgt.cz\/wp-content\/uploads\/2020\/09\/ADGT_logo_Magenta.png","width":798,"height":208,"caption":"ADGT"},"image":{"@id":"https:\/\/adgt.cz\/cs\/#\/schema\/logo\/image\/"}}]}},"_links":{"self":[{"href":"https:\/\/adgt.cz\/cs\/wp-json\/wp\/v2\/pages\/7259"}],"collection":[{"href":"https:\/\/adgt.cz\/cs\/wp-json\/wp\/v2\/pages"}],"about":[{"href":"https:\/\/adgt.cz\/cs\/wp-json\/wp\/v2\/types\/page"}],"author":[{"embeddable":true,"href":"https:\/\/adgt.cz\/cs\/wp-json\/wp\/v2\/users\/1"}],"replies":[{"embeddable":true,"href":"https:\/\/adgt.cz\/cs\/wp-json\/wp\/v2\/comments?post=7259"}],"version-history":[{"count":9,"href":"https:\/\/adgt.cz\/cs\/wp-json\/wp\/v2\/pages\/7259\/revisions"}],"predecessor-version":[{"id":13769,"href":"https:\/\/adgt.cz\/cs\/wp-json\/wp\/v2\/pages\/7259\/revisions\/13769"}],"wp:attachment":[{"href":"https:\/\/adgt.cz\/cs\/wp-json\/wp\/v2\/media?parent=7259"}],"curies":[{"name":"wp","href":"https:\/\/api.w.org\/{rel}","templated":true}]}}